{"id":1839,"date":"2019-06-19T17:29:46","date_gmt":"2019-06-19T15:29:46","guid":{"rendered":"http:\/\/fluidite.fr\/?page_id=1839"},"modified":"2021-04-02T13:41:01","modified_gmt":"2021-04-02T11:41:01","slug":"fluidite","status":"publish","type":"page","link":"https:\/\/fluidite.fr\/index.php\/fluidite\/","title":{"rendered":"Fluidit\u00e9"},"content":{"rendered":"<p>[vc_row content_placement=&#8221;middle&#8221;][vc_column width=&#8221;1\/2&#8243;][vc_single_image image=&#8221;1843&#8243; img_size=&#8221;full&#8221; alignment=&#8221;right&#8221; css=&#8221;.vc_custom_1560958478427{margin-right: -15px !important;}&#8221;][\/vc_column][vc_column width=&#8221;1\/2&#8243;][vc_empty_space height=&#8221;40px&#8221; hide_on_mobile=&#8221;&#8221;][vc_column_text css=&#8221;.vc_custom_1563901823069{margin-right: 20px !important;margin-left: 20px !important;}&#8221;]<\/p>\n<h3 style=\"text-align: center;\">La fluidit\u00e9, c\u2019est Le \u00ab&nbsp;Flow&nbsp;\u00bb<\/h3>\n<p>&nbsp;<\/p>\n<p class=\"p1\">Une exp\u00e9rience de concentration optimale, un \u00e9tat mental alliant engagement et plaisir dans l\u2019action, un \u00e9tat de calme euphorique o\u00f9 les \u00e9motions sont en pleine coordination avec la t\u00e2che en cours et l\u2019environnement.<\/p>\n<p class=\"p1\">Le \u00ab flow \u00bb procure un sentiment de s\u00e9r\u00e9nit\u00e9 et de ma\u00eetrise incontr\u00f4l\u00e9e parce que la coh\u00e9rence interne dicte la trajectoire inconsciemment.<\/p>\n<p>&nbsp;[\/vc_column_text][\/vc_column][\/vc_row][vc_row content_placement=&#8221;middle&#8221;][vc_column width=&#8221;1\/2&#8243;][vc_column_text css=&#8221;.vc_custom_1561216843527{margin-left: 20px !important;}&#8221;]<\/p>\n<h3 style=\"text-align: center;\">Equilibre \u2013 Coh\u00e9rence &#8211; Efficience<\/h3>\n<p>&nbsp;<\/p>\n<p>Le flow n\u2019est pas r\u00e9serv\u00e9 aux grands sportifs ou aux artistes. Chacun peut l\u2019exp\u00e9rimenter, il suffit de se connecter \u00e0 soi-m\u00eame. C\u2019est en cultivant cet \u00e9tat de coh\u00e9rence interne et d\u2019\u00e9quilibre personnel que la fluidit\u00e9, l\u2019efficience dans l\u2019action se manifeste. Elle procure aisance et cr\u00e9ativit\u00e9, elle donne acc\u00e8s \u00e0<br \/>\ndes ressources insoup\u00e7onn\u00e9es.[\/vc_column_text][\/vc_column][vc_column width=&#8221;1\/2&#8243;][vc_single_image image=&#8221;1596&#8243; img_size=&#8221;full&#8221; css=&#8221;.vc_custom_1561216779637{margin-left: -15px !important;}&#8221;][\/vc_column][\/vc_row][vc_row][vc_column][vc_cta h2=&#8221;&#8221; h4=&#8221;Ma vision&#8221; txt_align=&#8221;center&#8221; add_button=&#8221;bottom&#8221; btn_title=&#8221;Contactez-moi&#8221; btn_shape=&#8221;round&#8221; btn_color=&#8221;mulled-wine&#8221; btn_align=&#8221;center&#8221; btn_link=&#8221;url:https%3A%2F%2Ffluidite.fr%2F%23sc_anchor_contact|title:Restons%20en%20contact||&#8221;]Que chacun exp\u00e9rimente et cultive cet \u00e9tat de <strong>&#8220;flow&#8221;<\/strong>,<\/p>\n<p><strong>la fluidit\u00e9<\/strong> propice \u00e0 l\u2019efficience, de l\u2019adolescence au grand \u00e2ge.<\/p>\n<p>&nbsp;[\/vc_cta][vc_custom_heading text=&#8221;Parce que chacun est unique, chaque coaching est diff\u00e9rent\u2026&#8221; font_container=&#8221;tag:h4|text_align:center&#8221;][vc_empty_space hide_on_mobile=&#8221;&#8221;][\/vc_column][\/vc_row]<\/p>\n","protected":false},"excerpt":{"rendered":"<p>[vc_row content_placement=&#8221;middle&#8221;][vc_column width=&#8221;1\/2&#8243;][vc_single_image image=&#8221;1843&#8243; img_size=&#8221;full&#8221; alignment=&#8221;right&#8221; css=&#8221;.vc_custom_1560958478427{margin-right: -15px !important;}&#8221;][\/vc_column][vc_column width=&#8221;1\/2&#8243;][vc_empty_space height=&#8221;40px&#8221; hide_on_mobile=&#8221;&#8221;][vc_column_text css=&#8221;.vc_custom_1563901823069{margin-right: 20px !important;margin-left: 20px !important;}&#8221;] La fluidit\u00e9, c\u2019est Le \u00ab&nbsp;Flow&nbsp;\u00bb &nbsp; Une exp\u00e9rience de concentration optimale, un \u00e9tat mental alliant engagement et plaisir dans l\u2019action, un \u00e9tat de calme euphorique o\u00f9 les \u00e9motions sont en pleine coordination avec la t\u00e2che en cours et l\u2019environnement. Le \u00ab flow \u00bb&hellip;<\/p>\n","protected":false},"author":10,"featured_media":0,"parent":0,"menu_order":0,"comment_status":"closed","ping_status":"closed","template":"","meta":[],"_links":{"self":[{"href":"https:\/\/fluidite.fr\/index.php\/wp-json\/wp\/v2\/pages\/1839"}],"collection":[{"href":"https:\/\/fluidite.fr\/index.php\/wp-json\/wp\/v2\/pages"}],"about":[{"href":"https:\/\/fluidite.fr\/index.php\/wp-json\/wp\/v2\/types\/page"}],"author":[{"embeddable":true,"href":"https:\/\/fluidite.fr\/index.php\/wp-json\/wp\/v2\/users\/10"}],"replies":[{"embeddable":true,"href":"https:\/\/fluidite.fr\/index.php\/wp-json\/wp\/v2\/comments?post=1839"}],"version-history":[{"count":11,"href":"https:\/\/fluidite.fr\/index.php\/wp-json\/wp\/v2\/pages\/1839\/revisions"}],"predecessor-version":[{"id":2368,"href":"https:\/\/fluidite.fr\/index.php\/wp-json\/wp\/v2\/pages\/1839\/revisions\/2368"}],"wp:attachment":[{"href":"https:\/\/fluidite.fr\/index.php\/wp-json\/wp\/v2\/media?parent=1839"}],"curies":[{"name":"wp","href":"https:\/\/api.w.org\/{rel}","templated":true}]}}