{"id":1672,"date":"2019-06-08T14:58:07","date_gmt":"2019-06-08T12:58:07","guid":{"rendered":"http:\/\/fluidite.fr\/?page_id=1672"},"modified":"2021-04-02T13:34:00","modified_gmt":"2021-04-02T11:34:00","slug":"1er-pas-sans-engagement","status":"publish","type":"page","link":"https:\/\/fluidite.fr\/index.php\/1er-pas-sans-engagement\/","title":{"rendered":"1er pas sans engagement"},"content":{"rendered":"<p>[vc_row content_placement=&#8221;middle&#8221;][vc_column width=&#8221;1\/2&#8243;][vc_single_image image=&#8221;1674&#8243; img_size=&#8221;full&#8221; alignment=&#8221;right&#8221; css=&#8221;.vc_custom_1559999281404{margin-right: -15px !important;}&#8221;][\/vc_column][vc_column width=&#8221;1\/2&#8243;][vc_column_text css=&#8221;.vc_custom_1559999346697{padding-top: 10px !important;}&#8221;]<\/p>\n<h3 style=\"text-align: center;\">1er entretien gratuit<\/h3>\n<p class=\"p1\"><span class=\"s1\">Lors d\u2019un 1er entretien en face\/face ou au t\u00e9l\u00e9phone, nous faisons connaissance et je vous explique le d\u00e9roulement d\u2019un processus de coaching. <b>Cet entretien est gratuit et sans engagement. <\/b><\/span><\/p>\n<p class=\"p1\"><span class=\"s1\">Il me permet de comprendre si votre demande entre dans le cadre d\u2019un accompagnement de coaching.<\/span><\/p>\n<p class=\"p1\"><span class=\"s1\">Il vous permet de prendre conscience de votre motivation \u00e0 travailler ensemble.<\/span><\/p>\n<p>&nbsp;[\/vc_column_text][\/vc_column][\/vc_row][vc_row content_placement=&#8221;middle&#8221;][vc_column width=&#8221;1\/2&#8243;][vc_column_text css=&#8221;.vc_custom_1559999514933{margin-left: 0.5em !important;}&#8221;]<\/p>\n<h3 style=\"text-align: center;\">Et apr\u00e8s&#8230; ?<\/h3>\n<p class=\"p1\"><span class=\"s1\">A l\u2019issue de l\u2019entretien, je vous remets un contrat de coaching et le code de d\u00e9ontologie de l\u2019EMCC (European Mentoring and Coaching Council) pour r\u00e9flexion. Si nous sommes d\u2019accord, nous contractualisons lors de la 1ere s\u00e9ance de coaching la d\u00e9marche d\u2019accompagnement par un contrat bipartite ou tripartite (entreprise)<\/span><\/p>\n<p>[\/vc_column_text][vc_empty_space height=&#8221;45px&#8221; hide_on_mobile=&#8221;&#8221;][\/vc_column][vc_column width=&#8221;1\/2&#8243;][vc_single_image image=&#8221;1675&#8243; img_size=&#8221;full&#8221; css=&#8221;.vc_custom_1559999443277{margin-left: -15px !important;}&#8221;][\/vc_column][\/vc_row][vc_row][vc_column][vc_cta h2=&#8221;&#8221; txt_align=&#8221;center&#8221; add_button=&#8221;bottom&#8221; btn_title=&#8221;Contactez-moi&#8221; btn_shape=&#8221;round&#8221; btn_color=&#8221;mulled-wine&#8221; btn_align=&#8221;center&#8221; btn_link=&#8221;url:https%3A%2F%2Ffluidite.fr%2F%23sc_anchor_contact|||&#8221;]<\/p>\n<p class=\"p1\"><span class=\"s1\"><b>1er pas sans engagement.<br \/>\nRencontrons-nous.<br \/>\n<\/b><\/span><\/p>\n<p class=\"s1\">&nbsp;<\/p>\n<p>[\/vc_cta][vc_custom_heading text=&#8221;Parce que chacun est unique, chaque coaching est diff\u00e9rent\u2026&#8221; font_container=&#8221;tag:h4|text_align:center&#8221;][vc_empty_space hide_on_mobile=&#8221;&#8221;][\/vc_column][\/vc_row]<\/p>\n","protected":false},"excerpt":{"rendered":"<p>[vc_row content_placement=&#8221;middle&#8221;][vc_column width=&#8221;1\/2&#8243;][vc_single_image image=&#8221;1674&#8243; img_size=&#8221;full&#8221; alignment=&#8221;right&#8221; css=&#8221;.vc_custom_1559999281404{margin-right: -15px !important;}&#8221;][\/vc_column][vc_column width=&#8221;1\/2&#8243;][vc_column_text css=&#8221;.vc_custom_1559999346697{padding-top: 10px !important;}&#8221;] 1er entretien gratuit Lors d\u2019un 1er entretien en face\/face ou au t\u00e9l\u00e9phone, nous faisons connaissance et je vous explique le d\u00e9roulement d\u2019un processus de coaching. Cet entretien est gratuit et sans engagement. Il me permet de comprendre si votre demande entre dans le cadre d\u2019un accompagnement de&hellip;<\/p>\n","protected":false},"author":10,"featured_media":0,"parent":0,"menu_order":0,"comment_status":"closed","ping_status":"closed","template":"","meta":[],"_links":{"self":[{"href":"https:\/\/fluidite.fr\/index.php\/wp-json\/wp\/v2\/pages\/1672"}],"collection":[{"href":"https:\/\/fluidite.fr\/index.php\/wp-json\/wp\/v2\/pages"}],"about":[{"href":"https:\/\/fluidite.fr\/index.php\/wp-json\/wp\/v2\/types\/page"}],"author":[{"embeddable":true,"href":"https:\/\/fluidite.fr\/index.php\/wp-json\/wp\/v2\/users\/10"}],"replies":[{"embeddable":true,"href":"https:\/\/fluidite.fr\/index.php\/wp-json\/wp\/v2\/comments?post=1672"}],"version-history":[{"count":7,"href":"https:\/\/fluidite.fr\/index.php\/wp-json\/wp\/v2\/pages\/1672\/revisions"}],"predecessor-version":[{"id":2366,"href":"https:\/\/fluidite.fr\/index.php\/wp-json\/wp\/v2\/pages\/1672\/revisions\/2366"}],"wp:attachment":[{"href":"https:\/\/fluidite.fr\/index.php\/wp-json\/wp\/v2\/media?parent=1672"}],"curies":[{"name":"wp","href":"https:\/\/api.w.org\/{rel}","templated":true}]}}