{"id":1604,"date":"2019-05-03T17:31:43","date_gmt":"2019-05-03T15:31:43","guid":{"rendered":"http:\/\/fluidite.fr\/?page_id=1604"},"modified":"2021-04-02T13:48:49","modified_gmt":"2021-04-02T11:48:49","slug":"neurosciences-et-coaching","status":"publish","type":"page","link":"https:\/\/fluidite.fr\/index.php\/neurosciences-et-coaching\/","title":{"rendered":"Neurosciences &#038; Coaching"},"content":{"rendered":"<p>[vc_row full_height=&#8221;yes&#8221; equal_height=&#8221;yes&#8221;][vc_column width=&#8221;1\/2&#8243;]<div id=\"sc_content_1602391995\"\r\n\t\tclass=\"sc_content sc_content_default\"><h3 class=\"sc_item_title sc_content_title sc_align_default sc_item_title_style_default\">Neurosciences & Coaching<\/h3><h6 class=\"sc_item_subtitle sc_content_subtitle sc_align_default sc_item_title_style_default\">Les neurosciences vont-elles r\u00e9volutionner la pratique du coaching ?<\/h6><div class=\"sc_content_container\">[vc_column_text css=&#8221;.vc_custom_1561217891901{margin-top: 5em !important;margin-right: 2em !important;}&#8221;][\/vc_column_text][vc_column_text]<\/p>\n<h4 style=\"text-align: center;\">A qui s&#8217;adresse ce livre ?<\/h4>\n<p>[\/vc_column_text][vc_empty_space alter_height=&#8221;large&#8221; hide_on_mobile=&#8221;&#8221;][vc_column_text]<\/p>\n<p class=\"p1\"><span class=\"s1\">Ce livre s\u2019adresse \u00e0 tous les acteurs de l\u2019accompagnement humain, et principalement aux coachs en devenir et en activit\u00e9, soucieux de s\u2019informer sur l\u2019apport des neurosciences dans leur pratique, tant aujourd\u2019hui que demain, dans un monde o\u00f9 l\u2019intelligence artificielle risque de modifier les rapports \u00e0 l\u2019identit\u00e9, l\u2019intimit\u00e9, la conscience, l\u2019empathie\u2026<\/span><\/p>\n<p class=\"p1\"><span class=\"s1\">Il int\u00e9ressera \u00e9galement tout lecteur avide de comprendre le fonctionnement de son cerveau pour mieux appr\u00e9hender les sollicitations du monde actuel.<\/span><\/p>\n<p>[\/vc_column_text]<\/div><\/div><!-- \/.sc_content -->[\/vc_column][vc_column width=&#8221;1\/2&#8243;][vc_empty_space height=&#8221;10px&#8221; hide_on_mobile=&#8221;&#8221; css=&#8221;.vc_custom_1561365684209{margin-bottom: 40px !important;}&#8221;][vc_single_image image=&#8221;2068&#8243; img_size=&#8221;large&#8221;][vc_empty_space alter_height=&#8221;small&#8221; hide_on_mobile=&#8221;&#8221;][\/vc_column][\/vc_row][vc_row][vc_column][vc_cta h2=&#8221;Pr\u00e9-reservez votre exemplaire !&#8221;]Vous souhaitez vous procurez mon livre, je vous invite \u00e0 me contacter pour pr\u00e9-r\u00e9servez votre exemplaire.[\/vc_cta][vc_empty_space hide_on_mobile=&#8221;&#8221;][vc_btn title=&#8221;Je veux pr\u00e9-commander un exemplaire&#8221; shape=&#8221;round&#8221; color=&#8221;violet&#8221; align=&#8221;center&#8221; link=&#8221;url:https%3A%2F%2Ffluidite.fr%2F%23sc_anchor_contact|title:Contactez-moi||&#8221;][vc_empty_space height=&#8221;40px&#8221; alter_height=&#8221;large&#8221; hide_on_mobile=&#8221;&#8221;][\/vc_column][\/vc_row]<\/p>\n","protected":false},"excerpt":{"rendered":"<p>[vc_row full_height=&#8221;yes&#8221; equal_height=&#8221;yes&#8221;][vc_column width=&#8221;1\/2&#8243;][\/vc_column][vc_column width=&#8221;1\/2&#8243;][vc_empty_space height=&#8221;10px&#8221; hide_on_mobile=&#8221;&#8221; css=&#8221;.vc_custom_1561365684209{margin-bottom: 40px !important;}&#8221;][vc_single_image image=&#8221;2068&#8243; img_size=&#8221;large&#8221;][vc_empty_space alter_height=&#8221;small&#8221; hide_on_mobile=&#8221;&#8221;][\/vc_column][\/vc_row][vc_row][vc_column][vc_cta h2=&#8221;Pr\u00e9-reservez votre exemplaire !&#8221;]Vous souhaitez vous procurez mon livre, je vous invite \u00e0 me contacter pour pr\u00e9-r\u00e9servez votre exemplaire.[\/vc_cta][vc_empty_space hide_on_mobile=&#8221;&#8221;][vc_btn title=&#8221;Je veux pr\u00e9-commander un exemplaire&#8221; shape=&#8221;round&#8221; color=&#8221;violet&#8221; align=&#8221;center&#8221; link=&#8221;url:https%3A%2F%2Ffluidite.fr%2F%23sc_anchor_contact|title:Contactez-moi||&#8221;][vc_empty_space height=&#8221;40px&#8221; alter_height=&#8221;large&#8221; hide_on_mobile=&#8221;&#8221;][\/vc_column][\/vc_row]<\/p>\n","protected":false},"author":10,"featured_media":0,"parent":0,"menu_order":0,"comment_status":"closed","ping_status":"closed","template":"","meta":[],"_links":{"self":[{"href":"https:\/\/fluidite.fr\/index.php\/wp-json\/wp\/v2\/pages\/1604"}],"collection":[{"href":"https:\/\/fluidite.fr\/index.php\/wp-json\/wp\/v2\/pages"}],"about":[{"href":"https:\/\/fluidite.fr\/index.php\/wp-json\/wp\/v2\/types\/page"}],"author":[{"embeddable":true,"href":"https:\/\/fluidite.fr\/index.php\/wp-json\/wp\/v2\/users\/10"}],"replies":[{"embeddable":true,"href":"https:\/\/fluidite.fr\/index.php\/wp-json\/wp\/v2\/comments?post=1604"}],"version-history":[{"count":49,"href":"https:\/\/fluidite.fr\/index.php\/wp-json\/wp\/v2\/pages\/1604\/revisions"}],"predecessor-version":[{"id":2371,"href":"https:\/\/fluidite.fr\/index.php\/wp-json\/wp\/v2\/pages\/1604\/revisions\/2371"}],"wp:attachment":[{"href":"https:\/\/fluidite.fr\/index.php\/wp-json\/wp\/v2\/media?parent=1604"}],"curies":[{"name":"wp","href":"https:\/\/api.w.org\/{rel}","templated":true}]}}