{"id":1520,"date":"2019-04-06T18:54:33","date_gmt":"2019-04-06T16:54:33","guid":{"rendered":"http:\/\/fluidite.fr\/?page_id=1520"},"modified":"2021-04-02T13:31:46","modified_gmt":"2021-04-02T11:31:46","slug":"coaching-jeunes","status":"publish","type":"page","link":"https:\/\/fluidite.fr\/index.php\/coaching-jeunes\/","title":{"rendered":"15 &#8211; 25 ans"},"content":{"rendered":"<p>[vc_row content_placement=&#8221;middle&#8221;][vc_column width=&#8221;1\/2&#8243;][vc_single_image image=&#8221;1754&#8243; img_size=&#8221;full&#8221; alignment=&#8221;right&#8221; css=&#8221;.vc_custom_1560869234824{margin-right: -15px !important;}&#8221;][\/vc_column][vc_column width=&#8221;1\/2&#8243;][vc_column_text css=&#8221;.vc_custom_1561215416014{padding-top: 10px !important;}&#8221;]<\/p>\n<h3 style=\"text-align: center;\">Accompagnement 15 &#8211; 25 ans<\/h3>\n<p class=\"p1\">Le temps de la construction identitaire et des 1ers choix professionnels est parfois source de questionnements et de d\u00e9stabilisation. Prendre le temps de mieux se conna\u00eetre et de se faire confiance est une \u00e9tape essentielle pour la suite.<\/p>\n<p>&nbsp;<\/p>\n<p class=\"p1\"><span class=\"s1\">Le coaching va permettre d\u2019acc\u00e9der \u00e0 ses propres ressources pour trouver la motivation et l\u2019\u00e9nergie n\u00e9cessaire \u00e0 s\u2019engager joyeusement sur son chemin de vie.<\/span><\/p>\n<p>&nbsp;[\/vc_column_text][\/vc_column][\/vc_row][vc_row content_placement=&#8221;middle&#8221;][vc_column width=&#8221;1\/2&#8243;][vc_column_text css=&#8221;.vc_custom_1563881854727{margin-left: 0.5em !important;}&#8221;]<\/p>\n<h3 style=\"text-align: center;\">Pour quoi faire ?<\/h3>\n<ul class=\"ul1\">\n<li class=\"li1\"><span class=\"s2\">Conna\u00eetre ses motivations profondes pour mieux s\u2019orienter<\/span><\/li>\n<li class=\"li1\"><span class=\"s2\">Mieux r\u00e9guler son stress en p\u00e9riode de pr\u00e9paration d\u2019examen<\/span><\/li>\n<li class=\"li1\"><span class=\"s2\">G\u00e9rer sereinement la transition Etudes-1<\/span><span class=\"s4\"><sup>er<\/sup><\/span><span class=\"s2\"> emploi<\/span><\/li>\n<li class=\"li1\"><span class=\"s2\">D\u00e9velopper la confiance en son potentiel<\/span><\/li>\n<li class=\"li1\"><span class=\"s2\">Faire le point sur ses motivations apr\u00e8s quelques ann\u00e9es de pratique professionnelle<\/span><\/li>\n<\/ul>\n<p class=\"p2\">&nbsp;<\/p>\n<p>[\/vc_column_text][\/vc_column][vc_column width=&#8221;1\/2&#8243;][vc_single_image image=&#8221;1755&#8243; img_size=&#8221;full&#8221; css=&#8221;.vc_custom_1560869279217{margin-left: -15px !important;}&#8221;][\/vc_column][\/vc_row][vc_row][vc_column][vc_cta h2=&#8221;&#8221; txt_align=&#8221;center&#8221; add_button=&#8221;bottom&#8221; btn_title=&#8221;Contactez-moi&#8221; btn_shape=&#8221;round&#8221; btn_color=&#8221;mulled-wine&#8221; btn_align=&#8221;center&#8221; btn_link=&#8221;url:https%3A%2F%2Ffluidite.fr%2F%23sc_anchor_contact|title:Contactez-moi||&#8221;]<\/p>\n<p class=\"p1\"><span class=\"s1\"><b>Tarifs : 80\u20ac la s\u00e9ance<br \/>\n<\/b><\/span><span class=\"s1\">Une s\u00e9ance de coaching dure environ 1h30.<br \/>\nElle se d\u00e9roule dans un lieu neutre.<br \/>\nJe propose \u00e9galement du coaching \u00e0 distance au t\u00e9l\u00e9phone<br \/>\nou via une plateforme visio d\u00e9di\u00e9e. <\/span><\/p>\n<p class=\"s1\">&nbsp;<\/p>\n<p>[\/vc_cta][vc_custom_heading text=&#8221;Parce que chacun est unique, chaque coaching est diff\u00e9rent\u2026&#8221; font_container=&#8221;tag:h4|text_align:center&#8221;][vc_empty_space hide_on_mobile=&#8221;&#8221;][\/vc_column][\/vc_row]<\/p>\n","protected":false},"excerpt":{"rendered":"<p>[vc_row content_placement=&#8221;middle&#8221;][vc_column width=&#8221;1\/2&#8243;][vc_single_image image=&#8221;1754&#8243; img_size=&#8221;full&#8221; alignment=&#8221;right&#8221; css=&#8221;.vc_custom_1560869234824{margin-right: -15px !important;}&#8221;][\/vc_column][vc_column width=&#8221;1\/2&#8243;][vc_column_text css=&#8221;.vc_custom_1561215416014{padding-top: 10px !important;}&#8221;] Accompagnement 15 &#8211; 25 ans Le temps de la construction identitaire et des 1ers choix professionnels est parfois source de questionnements et de d\u00e9stabilisation. Prendre le temps de mieux se conna\u00eetre et de se faire confiance est une \u00e9tape essentielle pour la suite. &nbsp; Le coaching va&hellip;<\/p>\n","protected":false},"author":10,"featured_media":0,"parent":0,"menu_order":0,"comment_status":"closed","ping_status":"closed","template":"","meta":[],"_links":{"self":[{"href":"https:\/\/fluidite.fr\/index.php\/wp-json\/wp\/v2\/pages\/1520"}],"collection":[{"href":"https:\/\/fluidite.fr\/index.php\/wp-json\/wp\/v2\/pages"}],"about":[{"href":"https:\/\/fluidite.fr\/index.php\/wp-json\/wp\/v2\/types\/page"}],"author":[{"embeddable":true,"href":"https:\/\/fluidite.fr\/index.php\/wp-json\/wp\/v2\/users\/10"}],"replies":[{"embeddable":true,"href":"https:\/\/fluidite.fr\/index.php\/wp-json\/wp\/v2\/comments?post=1520"}],"version-history":[{"count":19,"href":"https:\/\/fluidite.fr\/index.php\/wp-json\/wp\/v2\/pages\/1520\/revisions"}],"predecessor-version":[{"id":2364,"href":"https:\/\/fluidite.fr\/index.php\/wp-json\/wp\/v2\/pages\/1520\/revisions\/2364"}],"wp:attachment":[{"href":"https:\/\/fluidite.fr\/index.php\/wp-json\/wp\/v2\/media?parent=1520"}],"curies":[{"name":"wp","href":"https:\/\/api.w.org\/{rel}","templated":true}]}}